{"id":99,"date":"2017-10-30T18:15:49","date_gmt":"2017-10-30T17:15:49","guid":{"rendered":"http:\/\/jovicaspajic.com\/?page_id=99"},"modified":"2017-11-02T08:48:38","modified_gmt":"2017-11-02T07:48:38","slug":"ideja-i-vizija","status":"publish","type":"page","link":"https:\/\/jovicaspajic.com\/gb\/ideja-i-vizija\/","title":{"rendered":"Idea and Vision"},"content":{"rendered":"<p>&nbsp;<\/p>\n<p><strong>Ultra Trka\u010d Srbija<\/strong><\/p>\n<p>&#8220;Mi ne tr\u010dimo brzo &#8211; Mi \u017eelimo da stignemo daleko&#8230;<\/p>\n<p>Na\u0161 imperativ nije pobeda pojedinca &#8211; nego bolja zajednica&#8230;<\/p>\n<p>Mi ne \u017eelimo da preteknemo tebe &#8211; ve\u0107 da prevazi\u0111emo sebe&#8230;<\/p>\n<p>Na\u0161i rezultati ne ukazuju da smo bolji &#8211; nego da mo\u017ee\u0161 i ti&#8230;&#8221;<\/p>\n\n","protected":false},"excerpt":{"rendered":"<p>&nbsp; Ultra Trka\u010d Srbija &#8220;Mi ne tr\u010dimo brzo &#8211; Mi \u017eelimo da stignemo daleko&#8230; Na\u0161 imperativ nije pobeda pojedinca &#8211; nego bolja zajednica&#8230; Mi ne \u017eelimo da preteknemo tebe &#8211; ve\u0107 da prevazi\u0111emo sebe&#8230; Na\u0161i rezultati ne ukazuju da smo bolji &#8211; nego da mo\u017ee\u0161 i ti&#8230;&#8221;<\/p>\n","protected":false},"author":1,"featured_media":0,"parent":0,"menu_order":0,"comment_status":"closed","ping_status":"closed","template":"","meta":{"footnotes":""},"class_list":["post-99","page","type-page","status-publish","hentry"],"translation":{"provider":"WPGlobus","version":"3.0.2","language":"gb","enabled_languages":["rs","gb"],"languages":{"rs":{"title":true,"content":true,"excerpt":false},"gb":{"title":true,"content":true,"excerpt":false}}},"_links":{"self":[{"href":"https:\/\/jovicaspajic.com\/gb\/wp-json\/wp\/v2\/pages\/99","targetHints":{"allow":["GET"]}}],"collection":[{"href":"https:\/\/jovicaspajic.com\/gb\/wp-json\/wp\/v2\/pages"}],"about":[{"href":"https:\/\/jovicaspajic.com\/gb\/wp-json\/wp\/v2\/types\/page"}],"author":[{"embeddable":true,"href":"https:\/\/jovicaspajic.com\/gb\/wp-json\/wp\/v2\/users\/1"}],"replies":[{"embeddable":true,"href":"https:\/\/jovicaspajic.com\/gb\/wp-json\/wp\/v2\/comments?post=99"}],"version-history":[{"count":8,"href":"https:\/\/jovicaspajic.com\/gb\/wp-json\/wp\/v2\/pages\/99\/revisions"}],"predecessor-version":[{"id":447,"href":"https:\/\/jovicaspajic.com\/gb\/wp-json\/wp\/v2\/pages\/99\/revisions\/447"}],"wp:attachment":[{"href":"https:\/\/jovicaspajic.com\/gb\/wp-json\/wp\/v2\/media?parent=99"}],"curies":[{"name":"wp","href":"https:\/\/api.w.org\/{rel}","templated":true}]}}